{"id":3918,"date":"2025-11-03T17:03:17","date_gmt":"2025-11-03T17:03:17","guid":{"rendered":"https:\/\/kortadesign.com\/?page_id=3918"},"modified":"2025-11-03T17:06:39","modified_gmt":"2025-11-03T17:06:39","slug":"onia-luxury","status":"publish","type":"page","link":"https:\/\/kortadesign.com\/hr\/projects\/onia-luxury\/","title":{"rendered":"ONIA LUXURY"},"content":{"rendered":"\t\t<div data-elementor-type=\"wp-page\" data-elementor-id=\"3918\" class=\"elementor elementor-3918\" data-elementor-post-type=\"page\">\n\t\t\t\t<div class=\"elementor-element elementor-element-19da62d4 e-con-full e-flex e-con e-parent\" data-id=\"19da62d4\" data-element_type=\"container\" data-settings=\"{&quot;background_background&quot;:&quot;slideshow&quot;,&quot;background_slideshow_gallery&quot;:[{&quot;id&quot;:3922,&quot;url&quot;:&quot;https:\\\/\\\/kortadesign.com\\\/wp-content\\\/uploads\\\/2025\\\/11\\\/1721632404216.jpg&quot;},{&quot;id&quot;:3923,&quot;url&quot;:&quot;https:\\\/\\\/kortadesign.com\\\/wp-content\\\/uploads\\\/2025\\\/11\\\/1721632404445.jpg&quot;},{&quot;id&quot;:3924,&quot;url&quot;:&quot;https:\\\/\\\/kortadesign.com\\\/wp-content\\\/uploads\\\/2025\\\/11\\\/1721632404598.jpg&quot;},{&quot;id&quot;:3926,&quot;url&quot;:&quot;https:\\\/\\\/kortadesign.com\\\/wp-content\\\/uploads\\\/2025\\\/11\\\/1729170290830.jpg&quot;}],&quot;background_slideshow_transition_duration&quot;:700,&quot;background_slideshow_ken_burns&quot;:&quot;yes&quot;,&quot;background_slideshow_loop&quot;:&quot;yes&quot;,&quot;background_slideshow_slide_duration&quot;:5000,&quot;background_slideshow_slide_transition&quot;:&quot;fade&quot;,&quot;background_slideshow_ken_burns_zoom_direction&quot;:&quot;in&quot;}\">\n\t\t<div class=\"elementor-element elementor-element-3c5b57ba e-con-full e-flex e-con e-child\" data-id=\"3c5b57ba\" data-element_type=\"container\" data-settings=\"{&quot;background_background&quot;:&quot;classic&quot;}\">\n\t\t\t\t<div class=\"elementor-element elementor-element-1b6c25e6 elementor-widget elementor-widget-heading\" data-id=\"1b6c25e6\" data-element_type=\"widget\" data-widget_type=\"heading.default\">\n\t\t\t\t<div class=\"elementor-widget-container\">\n\t\t\t\t\t<h2 class=\"elementor-heading-title elementor-size-default\"><a href=\"https:\/\/www.booking.com\/searchresults.hr.html?aid=356980&#038;label=gog235jc-10CAsojwFCC29uaWEtbHV4dXJ5SBBYA2hliAEBmAEzuAEHyAEP2AED6AEB-AEBiAIBqAIBuAL6wKPIBsACAdICJDhiMTkyMDUxLWRmNGEtNGI2Ny1iYTY3LTgyODljNjgzODgxY9gCAeACAQ&#038;highlighted_hotels=12684556&#038;redirected=1&#038;city=900039384&#038;hlrd=user_sh&#038;source=hotel&#038;expand_sb=1&#038;keep_landing=1&#038;sid=f41e4370f0401e1f65af499e9dd48370\" rel=\"nofollow noopener\" target=\"_blank\">ONIA LUXURY<\/a><\/h2>\t\t\t\t<\/div>\n\t\t\t\t<\/div>\n\t\t\t\t<\/div>\n\t\t<div class=\"elementor-element elementor-element-576cf747 e-con-full e-flex e-con e-child\" data-id=\"576cf747\" data-element_type=\"container\" data-settings=\"{&quot;background_background&quot;:&quot;classic&quot;}\">\n\t\t\t\t<div class=\"elementor-element elementor-element-71756009 elementor-widget elementor-widget-text-editor\" data-id=\"71756009\" data-element_type=\"widget\" data-widget_type=\"text-editor.default\">\n\t\t\t\t<div class=\"elementor-widget-container\">\n\t\t\t\t\t\t\t\t\t<p>BUDVA, MONTENEGRO<\/p>\t\t\t\t\t\t\t\t<\/div>\n\t\t\t\t<\/div>\n\t\t\t\t<\/div>\n\t\t\t\t<\/div>\n\t\t<div class=\"elementor-element elementor-element-70d5a03c e-flex e-con-boxed e-con e-parent\" data-id=\"70d5a03c\" data-element_type=\"container\" data-settings=\"{&quot;background_background&quot;:&quot;classic&quot;}\">\n\t\t\t\t\t<div class=\"e-con-inner\">\n\t\t<div class=\"elementor-element elementor-element-4e691644 e-con-full e-flex e-con e-child\" data-id=\"4e691644\" data-element_type=\"container\">\n\t\t\t\t<div class=\"elementor-element elementor-element-55909157 elementor-widget elementor-widget-text-editor\" data-id=\"55909157\" data-element_type=\"widget\" data-widget_type=\"text-editor.default\">\n\t\t\t\t<div class=\"elementor-widget-container\">\n\t\t\t\t\t\t\t\t\t<p class=\"m_2835531300745841439MsoListParagraph\"><u><\/u>At\u00a0<b>Onia Luxury<\/b>\u00a0in Budva, Montenegro, guests can indulge in a refreshing escape with the stunning outdoor pool that serves as the centerpiece of our sports facilities. Surrounded by lush greenery and offering breathtaking views of the Adriatic Sea, the pool area is designed not only for relaxation but also for invigorating workouts. Whether you prefer a leisurely swim to start your day or an energetic lap session, the outdoor pool provides the perfect setting to stay active while soaking up the sun. The inviting atmosphere around the pool encourages socializing and leisure, making it an ideal spot for both fitness enthusiasts and those seeking a tranquil retreat. Guests can unwind on comfortable loungers, sip on refreshing beverages from the poolside bar, or join in on group water aerobics sessions.\u00a0<\/p><p class=\"m_2835531300745841439MsoListParagraph\">Probably one of the best things I\u2019ve done in my life was a road trip through Istria (if you haven\u2019t yet, be sure to treat yourself to this pleasure). The soothing dance of local roads winding through the hills of Istria\u2019s interior never allows the scenery to become dull. It\u2019s clear to me why many have wished for a holiday home in this part of the world.\u00a0One of the latest projects by architect and designer Sandro U\u017eila is Casa Rea, a house located in the small village of \u010cirkoti, near Zavr\u0161je (in my opinion, one of the most charming corners of Istria), between Gro\u017enjan and Motovun. You might think of Rea as a queen, which this house indeed is at first glance (if you ask us), but it\u2019s actually a blend of the names Rene and Andrea, a beautiful tribute to the owners\u2019 sons. Although they invested in a holiday home they plan to rent out, the owners have left time for themselves to enjoy this piece of family paradise. \u201cI sketched the house in one night. After visiting the location, on the way to the office, I had a clear vision of how I wanted the house to look and didn\u2019t want to go to sleep until it was completely finished. The floor plan and facades were ready that same night,\u201d Sandro tells us, owner of one of the busiest Istrian architectural-design offices, WAVE Design Studio, whom the investors entrusted with this construction and design project. He also explains that for unique signature projects, he works under his own brand, Sandro U\u017eila. \u201cSome projects are more commercial than others, but I often have the opportunity to create such unique projects with carefully designed details and aesthetics, and the freedom to follow, of course in collaboration with the investor, ideas that I believe will turn out well.\u201d<br \/><br \/><b>Onia Luxury<\/b>\u2019s outdoor pool is more than just a place to swim; it\u2019s a vibrant hub where relaxation meets recreation, ensuring that every guest has the opportunity to maintain their fitness routine while enjoying the picturesque surroundings of Budva.<br \/><br \/><\/p>\t\t\t\t\t\t\t\t<\/div>\n\t\t\t\t<\/div>\n\t\t\t\t<\/div>\n\t\t\t\t\t<\/div>\n\t\t\t\t<\/div>\n\t\t<div class=\"elementor-element elementor-element-e6a48ab e-flex e-con-boxed e-con e-parent\" data-id=\"e6a48ab\" data-element_type=\"container\">\n\t\t\t\t\t<div class=\"e-con-inner\">\n\t\t\t\t<div class=\"elementor-element elementor-element-42038a2 elementor-widget elementor-widget-gallery\" data-id=\"42038a2\" data-element_type=\"widget\" data-settings=\"{&quot;gallery_layout&quot;:&quot;masonry&quot;,&quot;columns&quot;:3,&quot;lazyload&quot;:&quot;yes&quot;,&quot;columns_tablet&quot;:2,&quot;columns_mobile&quot;:1,&quot;gap&quot;:{&quot;unit&quot;:&quot;px&quot;,&quot;size&quot;:10,&quot;sizes&quot;:[]},&quot;gap_tablet&quot;:{&quot;unit&quot;:&quot;px&quot;,&quot;size&quot;:10,&quot;sizes&quot;:[]},&quot;gap_mobile&quot;:{&quot;unit&quot;:&quot;px&quot;,&quot;size&quot;:10,&quot;sizes&quot;:[]},&quot;link_to&quot;:&quot;file&quot;,&quot;overlay_background&quot;:&quot;yes&quot;}\" data-widget_type=\"gallery.default\">\n\t\t\t\t<div class=\"elementor-widget-container\">\n\t\t\t\t\t\t\t<div class=\"elementor-gallery__container\">\n\t\t\t\t\t\t\t<a class=\"e-gallery-item elementor-gallery-item\" href=\"https:\/\/kortadesign.com\/wp-content\/uploads\/2025\/11\/1721632404598.jpg\" data-elementor-open-lightbox=\"no\">\n\t\t\t\t\t<div class=\"e-gallery-image elementor-gallery-item__image\" data-thumbnail=\"https:\/\/kortadesign.com\/wp-content\/uploads\/2025\/11\/1721632404598-1024x576.jpg\" data-width=\"800\" data-height=\"450\" aria-label=\"\" role=\"img\" ><\/div>\n\t\t\t\t\t\t\t\t\t\t\t<div class=\"elementor-gallery-item__overlay\"><\/div>\n\t\t\t\t\t\t\t\t\t\t\t\t\t\t<\/a>\n\t\t\t\t\t\t\t<a class=\"e-gallery-item elementor-gallery-item\" href=\"https:\/\/kortadesign.com\/wp-content\/uploads\/2025\/11\/1721632404216.jpg\" data-elementor-open-lightbox=\"no\">\n\t\t\t\t\t<div class=\"e-gallery-image elementor-gallery-item__image\" data-thumbnail=\"https:\/\/kortadesign.com\/wp-content\/uploads\/2025\/11\/1721632404216-1024x473.jpg\" data-width=\"800\" data-height=\"370\" aria-label=\"\" role=\"img\" ><\/div>\n\t\t\t\t\t\t\t\t\t\t\t<div class=\"elementor-gallery-item__overlay\"><\/div>\n\t\t\t\t\t\t\t\t\t\t\t\t\t\t<\/a>\n\t\t\t\t\t\t\t<a class=\"e-gallery-item elementor-gallery-item\" href=\"https:\/\/kortadesign.com\/wp-content\/uploads\/2025\/11\/IMG_20241022_114506-scaled.jpg\" data-elementor-open-lightbox=\"no\">\n\t\t\t\t\t<div class=\"e-gallery-image elementor-gallery-item__image\" data-thumbnail=\"https:\/\/kortadesign.com\/wp-content\/uploads\/2025\/11\/IMG_20241022_114506-461x1024.jpg\" data-width=\"461\" data-height=\"1024\" aria-label=\"\" role=\"img\" ><\/div>\n\t\t\t\t\t\t\t\t\t\t\t<div class=\"elementor-gallery-item__overlay\"><\/div>\n\t\t\t\t\t\t\t\t\t\t\t\t\t\t<\/a>\n\t\t\t\t\t\t\t<a class=\"e-gallery-item elementor-gallery-item\" href=\"https:\/\/kortadesign.com\/wp-content\/uploads\/2025\/11\/1721632403589.jpg\" data-elementor-open-lightbox=\"no\">\n\t\t\t\t\t<div class=\"e-gallery-image elementor-gallery-item__image\" data-thumbnail=\"https:\/\/kortadesign.com\/wp-content\/uploads\/2025\/11\/1721632403589-473x1024.jpg\" data-width=\"473\" data-height=\"1024\" aria-label=\"\" role=\"img\" ><\/div>\n\t\t\t\t\t\t\t\t\t\t\t<div class=\"elementor-gallery-item__overlay\"><\/div>\n\t\t\t\t\t\t\t\t\t\t\t\t\t\t<\/a>\n\t\t\t\t\t\t\t<a class=\"e-gallery-item elementor-gallery-item\" href=\"https:\/\/kortadesign.com\/wp-content\/uploads\/2025\/11\/1729170290830.jpg\" data-elementor-open-lightbox=\"no\">\n\t\t\t\t\t<div class=\"e-gallery-image elementor-gallery-item__image\" data-thumbnail=\"https:\/\/kortadesign.com\/wp-content\/uploads\/2025\/11\/1729170290830-1024x683.jpg\" data-width=\"800\" data-height=\"534\" aria-label=\"\" role=\"img\" ><\/div>\n\t\t\t\t\t\t\t\t\t\t\t<div class=\"elementor-gallery-item__overlay\"><\/div>\n\t\t\t\t\t\t\t\t\t\t\t\t\t\t<\/a>\n\t\t\t\t\t\t\t<a class=\"e-gallery-item elementor-gallery-item\" href=\"https:\/\/kortadesign.com\/wp-content\/uploads\/2025\/11\/1729170291979.jpg\" data-elementor-open-lightbox=\"no\">\n\t\t\t\t\t<div class=\"e-gallery-image elementor-gallery-item__image\" data-thumbnail=\"https:\/\/kortadesign.com\/wp-content\/uploads\/2025\/11\/1729170291979-1024x663.jpg\" data-width=\"800\" data-height=\"518\" aria-label=\"\" role=\"img\" ><\/div>\n\t\t\t\t\t\t\t\t\t\t\t<div class=\"elementor-gallery-item__overlay\"><\/div>\n\t\t\t\t\t\t\t\t\t\t\t\t\t\t<\/a>\n\t\t\t\t\t\t\t<a class=\"e-gallery-item elementor-gallery-item\" href=\"https:\/\/kortadesign.com\/wp-content\/uploads\/2025\/11\/1721632404445.jpg\" data-elementor-open-lightbox=\"no\">\n\t\t\t\t\t<div class=\"e-gallery-image elementor-gallery-item__image\" data-thumbnail=\"https:\/\/kortadesign.com\/wp-content\/uploads\/2025\/11\/1721632404445-768x1024.jpg\" data-width=\"768\" data-height=\"1024\" aria-label=\"\" role=\"img\" ><\/div>\n\t\t\t\t\t\t\t\t\t\t\t<div class=\"elementor-gallery-item__overlay\"><\/div>\n\t\t\t\t\t\t\t\t\t\t\t\t\t\t<\/a>\n\t\t\t\t\t\t\t<a class=\"e-gallery-item elementor-gallery-item\" href=\"https:\/\/kortadesign.com\/wp-content\/uploads\/2025\/11\/1729170290461.jpg\" data-elementor-open-lightbox=\"no\">\n\t\t\t\t\t<div class=\"e-gallery-image elementor-gallery-item__image\" data-thumbnail=\"https:\/\/kortadesign.com\/wp-content\/uploads\/2025\/11\/1729170290461-1024x687.jpg\" data-width=\"800\" data-height=\"537\" aria-label=\"\" role=\"img\" ><\/div>\n\t\t\t\t\t\t\t\t\t\t\t<div class=\"elementor-gallery-item__overlay\"><\/div>\n\t\t\t\t\t\t\t\t\t\t\t\t\t\t<\/a>\n\t\t\t\t\t<\/div>\n\t\t\t\t\t<\/div>\n\t\t\t\t<\/div>\n\t\t\t\t\t<\/div>\n\t\t\t\t<\/div>\n\t\t\t\t<\/div>\n\t\t","protected":false},"excerpt":{"rendered":"<p>ONIA LUXURY BUDVA, MONTENEGRO At\u00a0Onia Luxury\u00a0in Budva, Montenegro, guests can indulge in a refreshing escape with the stunning outdoor pool that serves as the centerpiece of our sports facilities. Surrounded by lush greenery and offering breathtaking views of the Adriatic Sea, the pool area is designed not only for relaxation but also for invigorating workouts. [&hellip;]<\/p>\n","protected":false},"author":4,"featured_media":0,"parent":1144,"menu_order":1,"comment_status":"closed","ping_status":"closed","template":"elementor_theme","meta":{"footnotes":""},"class_list":["post-3918","page","type-page","status-publish","hentry"],"_links":{"self":[{"href":"https:\/\/kortadesign.com\/hr\/wp-json\/wp\/v2\/pages\/3918","targetHints":{"allow":["GET"]}}],"collection":[{"href":"https:\/\/kortadesign.com\/hr\/wp-json\/wp\/v2\/pages"}],"about":[{"href":"https:\/\/kortadesign.com\/hr\/wp-json\/wp\/v2\/types\/page"}],"author":[{"embeddable":true,"href":"https:\/\/kortadesign.com\/hr\/wp-json\/wp\/v2\/users\/4"}],"replies":[{"embeddable":true,"href":"https:\/\/kortadesign.com\/hr\/wp-json\/wp\/v2\/comments?post=3918"}],"version-history":[{"count":4,"href":"https:\/\/kortadesign.com\/hr\/wp-json\/wp\/v2\/pages\/3918\/revisions"}],"predecessor-version":[{"id":3931,"href":"https:\/\/kortadesign.com\/hr\/wp-json\/wp\/v2\/pages\/3918\/revisions\/3931"}],"up":[{"embeddable":true,"href":"https:\/\/kortadesign.com\/hr\/wp-json\/wp\/v2\/pages\/1144"}],"wp:attachment":[{"href":"https:\/\/kortadesign.com\/hr\/wp-json\/wp\/v2\/media?parent=3918"}],"curies":[{"name":"wp","href":"https:\/\/api.w.org\/{rel}","templated":true}]}}