{"id":3895,"date":"2025-11-03T16:56:26","date_gmt":"2025-11-03T16:56:26","guid":{"rendered":"https:\/\/kortadesign.com\/?page_id=3895"},"modified":"2025-11-03T16:58:51","modified_gmt":"2025-11-03T16:58:51","slug":"casa-rea","status":"publish","type":"page","link":"https:\/\/kortadesign.com\/hr\/projects\/casa-rea\/","title":{"rendered":"Casa Rea"},"content":{"rendered":"\t\t<div data-elementor-type=\"wp-page\" data-elementor-id=\"3895\" class=\"elementor elementor-3895\" data-elementor-post-type=\"page\">\n\t\t\t\t<div class=\"elementor-element elementor-element-19da62d4 e-con-full e-flex e-con e-parent\" data-id=\"19da62d4\" data-element_type=\"container\" data-settings=\"{&quot;background_background&quot;:&quot;slideshow&quot;,&quot;background_slideshow_gallery&quot;:[{&quot;id&quot;:3897,&quot;url&quot;:&quot;https:\\\/\\\/kortadesign.com\\\/wp-content\\\/uploads\\\/2025\\\/11\\\/1.jpeg&quot;},{&quot;id&quot;:3898,&quot;url&quot;:&quot;https:\\\/\\\/kortadesign.com\\\/wp-content\\\/uploads\\\/2025\\\/11\\\/2.webp&quot;},{&quot;id&quot;:3899,&quot;url&quot;:&quot;https:\\\/\\\/kortadesign.com\\\/wp-content\\\/uploads\\\/2025\\\/11\\\/3.webp&quot;},{&quot;id&quot;:3900,&quot;url&quot;:&quot;https:\\\/\\\/kortadesign.com\\\/wp-content\\\/uploads\\\/2025\\\/11\\\/4.webp&quot;},{&quot;id&quot;:3902,&quot;url&quot;:&quot;https:\\\/\\\/kortadesign.com\\\/wp-content\\\/uploads\\\/2025\\\/11\\\/5.webp&quot;},{&quot;id&quot;:3903,&quot;url&quot;:&quot;https:\\\/\\\/kortadesign.com\\\/wp-content\\\/uploads\\\/2025\\\/11\\\/6.webp&quot;}],&quot;background_slideshow_transition_duration&quot;:700,&quot;background_slideshow_ken_burns&quot;:&quot;yes&quot;,&quot;background_slideshow_loop&quot;:&quot;yes&quot;,&quot;background_slideshow_slide_duration&quot;:5000,&quot;background_slideshow_slide_transition&quot;:&quot;fade&quot;,&quot;background_slideshow_ken_burns_zoom_direction&quot;:&quot;in&quot;}\">\n\t\t<div class=\"elementor-element elementor-element-3c5b57ba e-con-full e-flex e-con e-child\" data-id=\"3c5b57ba\" data-element_type=\"container\" data-settings=\"{&quot;background_background&quot;:&quot;classic&quot;}\">\n\t\t\t\t<div class=\"elementor-element elementor-element-1b6c25e6 elementor-widget elementor-widget-heading\" data-id=\"1b6c25e6\" data-element_type=\"widget\" data-widget_type=\"heading.default\">\n\t\t\t\t<div class=\"elementor-widget-container\">\n\t\t\t\t\t<h2 class=\"elementor-heading-title elementor-size-default\"><a href=\"https:\/\/crovillas.com\/en\/villa\/casa-rea\" rel=\"nofollow noopener\" target=\"_blank\">Casa Rea<\/a><\/h2>\t\t\t\t<\/div>\n\t\t\t\t<\/div>\n\t\t\t\t<\/div>\n\t\t<div class=\"elementor-element elementor-element-576cf747 e-con-full e-flex e-con e-child\" data-id=\"576cf747\" data-element_type=\"container\" data-settings=\"{&quot;background_background&quot;:&quot;classic&quot;}\">\n\t\t\t\t<div class=\"elementor-element elementor-element-71756009 elementor-widget elementor-widget-text-editor\" data-id=\"71756009\" data-element_type=\"widget\" data-widget_type=\"text-editor.default\">\n\t\t\t\t<div class=\"elementor-widget-container\">\n\t\t\t\t\t\t\t\t\t<p>ISTRIA, CROATIA<\/p>\t\t\t\t\t\t\t\t<\/div>\n\t\t\t\t<\/div>\n\t\t\t\t<\/div>\n\t\t\t\t<\/div>\n\t\t<div class=\"elementor-element elementor-element-70d5a03c e-flex e-con-boxed e-con e-parent\" data-id=\"70d5a03c\" data-element_type=\"container\" data-settings=\"{&quot;background_background&quot;:&quot;classic&quot;}\">\n\t\t\t\t\t<div class=\"e-con-inner\">\n\t\t<div class=\"elementor-element elementor-element-4e691644 e-con-full e-flex e-con e-child\" data-id=\"4e691644\" data-element_type=\"container\">\n\t\t\t\t<div class=\"elementor-element elementor-element-55909157 elementor-widget elementor-widget-text-editor\" data-id=\"55909157\" data-element_type=\"widget\" data-widget_type=\"text-editor.default\">\n\t\t\t\t<div class=\"elementor-widget-container\">\n\t\t\t\t\t\t\t\t\t<p class=\"m_2835531300745841439MsoListParagraph\">In the village of \u010cirkoti, near Zavr\u0161je, sits the Istrian gem, Casa Rea, offering a captivating view of olive groves and the historic town of Motovun. Architect and designer Sandro U\u017eila shared how he embraced simplicity in his design and why it was so easy to integrate it into the natural environment. <u><\/u><u><\/u><\/p><p class=\"m_2835531300745841439MsoListParagraph\">Probably one of the best things I\u2019ve done in my life was a road trip through Istria (if you haven\u2019t yet, be sure to treat yourself to this pleasure). The soothing dance of local roads winding through the hills of Istria\u2019s interior never allows the scenery to become dull. It\u2019s clear to me why many have wished for a holiday home in this part of the world.\u00a0One of the latest projects by architect and designer Sandro U\u017eila is Casa Rea, a house located in the small village of \u010cirkoti, near Zavr\u0161je (in my opinion, one of the most charming corners of Istria), between Gro\u017enjan and Motovun. You might think of Rea as a queen, which this house indeed is at first glance (if you ask us), but it\u2019s actually a blend of the names Rene and Andrea, a beautiful tribute to the owners\u2019 sons. Although they invested in a holiday home they plan to rent out, the owners have left time for themselves to enjoy this piece of family paradise. \u201cI sketched the house in one night. After visiting the location, on the way to the office, I had a clear vision of how I wanted the house to look and didn\u2019t want to go to sleep until it was completely finished. The floor plan and facades were ready that same night,\u201d Sandro tells us, owner of one of the busiest Istrian architectural-design offices, WAVE Design Studio, whom the investors entrusted with this construction and design project. He also explains that for unique signature projects, he works under his own brand, Sandro U\u017eila. \u201cSome projects are more commercial than others, but I often have the opportunity to create such unique projects with carefully designed details and aesthetics, and the freedom to follow, of course in collaboration with the investor, ideas that I believe will turn out well.\u201d<\/p>\t\t\t\t\t\t\t\t<\/div>\n\t\t\t\t<\/div>\n\t\t\t\t<\/div>\n\t\t\t\t\t<\/div>\n\t\t\t\t<\/div>\n\t\t<div class=\"elementor-element elementor-element-e6a48ab e-flex e-con-boxed e-con e-parent\" data-id=\"e6a48ab\" data-element_type=\"container\">\n\t\t\t\t\t<div class=\"e-con-inner\">\n\t\t\t\t<div class=\"elementor-element elementor-element-42038a2 elementor-widget elementor-widget-gallery\" data-id=\"42038a2\" data-element_type=\"widget\" data-settings=\"{&quot;gallery_layout&quot;:&quot;masonry&quot;,&quot;columns&quot;:3,&quot;lazyload&quot;:&quot;yes&quot;,&quot;columns_tablet&quot;:2,&quot;columns_mobile&quot;:1,&quot;gap&quot;:{&quot;unit&quot;:&quot;px&quot;,&quot;size&quot;:10,&quot;sizes&quot;:[]},&quot;gap_tablet&quot;:{&quot;unit&quot;:&quot;px&quot;,&quot;size&quot;:10,&quot;sizes&quot;:[]},&quot;gap_mobile&quot;:{&quot;unit&quot;:&quot;px&quot;,&quot;size&quot;:10,&quot;sizes&quot;:[]},&quot;link_to&quot;:&quot;file&quot;,&quot;overlay_background&quot;:&quot;yes&quot;}\" data-widget_type=\"gallery.default\">\n\t\t\t\t<div class=\"elementor-widget-container\">\n\t\t\t\t\t\t\t<div class=\"elementor-gallery__container\">\n\t\t\t\t\t\t\t<a class=\"e-gallery-item elementor-gallery-item\" href=\"https:\/\/kortadesign.com\/wp-content\/uploads\/2025\/11\/3.webp\" data-elementor-open-lightbox=\"no\">\n\t\t\t\t\t<div class=\"e-gallery-image elementor-gallery-item__image\" data-thumbnail=\"https:\/\/kortadesign.com\/wp-content\/uploads\/2025\/11\/3-1024x683.webp\" data-width=\"800\" data-height=\"534\" aria-label=\"\" role=\"img\" ><\/div>\n\t\t\t\t\t\t\t\t\t\t\t<div class=\"elementor-gallery-item__overlay\"><\/div>\n\t\t\t\t\t\t\t\t\t\t\t\t\t\t<\/a>\n\t\t\t\t\t\t\t<a class=\"e-gallery-item elementor-gallery-item\" href=\"https:\/\/kortadesign.com\/wp-content\/uploads\/2025\/11\/6.webp\" data-elementor-open-lightbox=\"no\">\n\t\t\t\t\t<div class=\"e-gallery-image elementor-gallery-item__image\" data-thumbnail=\"https:\/\/kortadesign.com\/wp-content\/uploads\/2025\/11\/6-1024x683.webp\" data-width=\"800\" data-height=\"534\" aria-label=\"\" role=\"img\" ><\/div>\n\t\t\t\t\t\t\t\t\t\t\t<div class=\"elementor-gallery-item__overlay\"><\/div>\n\t\t\t\t\t\t\t\t\t\t\t\t\t\t<\/a>\n\t\t\t\t\t\t\t<a class=\"e-gallery-item elementor-gallery-item\" href=\"https:\/\/kortadesign.com\/wp-content\/uploads\/2025\/11\/1.jpeg\" data-elementor-open-lightbox=\"no\">\n\t\t\t\t\t<div class=\"e-gallery-image elementor-gallery-item__image\" data-thumbnail=\"https:\/\/kortadesign.com\/wp-content\/uploads\/2025\/11\/1.jpeg\" data-width=\"800\" data-height=\"534\" aria-label=\"\" role=\"img\" ><\/div>\n\t\t\t\t\t\t\t\t\t\t\t<div class=\"elementor-gallery-item__overlay\"><\/div>\n\t\t\t\t\t\t\t\t\t\t\t\t\t\t<\/a>\n\t\t\t\t\t\t\t<a class=\"e-gallery-item elementor-gallery-item\" href=\"https:\/\/kortadesign.com\/wp-content\/uploads\/2025\/11\/5.webp\" data-elementor-open-lightbox=\"no\">\n\t\t\t\t\t<div class=\"e-gallery-image elementor-gallery-item__image\" data-thumbnail=\"https:\/\/kortadesign.com\/wp-content\/uploads\/2025\/11\/5-1024x683.webp\" data-width=\"800\" data-height=\"534\" aria-label=\"\" role=\"img\" ><\/div>\n\t\t\t\t\t\t\t\t\t\t\t<div class=\"elementor-gallery-item__overlay\"><\/div>\n\t\t\t\t\t\t\t\t\t\t\t\t\t\t<\/a>\n\t\t\t\t\t\t\t<a class=\"e-gallery-item elementor-gallery-item\" href=\"https:\/\/kortadesign.com\/wp-content\/uploads\/2025\/11\/4.webp\" data-elementor-open-lightbox=\"no\">\n\t\t\t\t\t<div class=\"e-gallery-image elementor-gallery-item__image\" data-thumbnail=\"https:\/\/kortadesign.com\/wp-content\/uploads\/2025\/11\/4-1024x683.webp\" data-width=\"800\" data-height=\"534\" aria-label=\"\" role=\"img\" ><\/div>\n\t\t\t\t\t\t\t\t\t\t\t<div class=\"elementor-gallery-item__overlay\"><\/div>\n\t\t\t\t\t\t\t\t\t\t\t\t\t\t<\/a>\n\t\t\t\t\t\t\t<a class=\"e-gallery-item elementor-gallery-item\" href=\"https:\/\/kortadesign.com\/wp-content\/uploads\/2025\/11\/2.webp\" data-elementor-open-lightbox=\"no\">\n\t\t\t\t\t<div class=\"e-gallery-image elementor-gallery-item__image\" data-thumbnail=\"https:\/\/kortadesign.com\/wp-content\/uploads\/2025\/11\/2-683x1024.webp\" data-width=\"683\" data-height=\"1024\" aria-label=\"\" role=\"img\" ><\/div>\n\t\t\t\t\t\t\t\t\t\t\t<div class=\"elementor-gallery-item__overlay\"><\/div>\n\t\t\t\t\t\t\t\t\t\t\t\t\t\t<\/a>\n\t\t\t\t\t<\/div>\n\t\t\t\t\t<\/div>\n\t\t\t\t<\/div>\n\t\t\t\t\t<\/div>\n\t\t\t\t<\/div>\n\t\t\t\t<\/div>\n\t\t","protected":false},"excerpt":{"rendered":"<p>Casa Rea ISTRIA, CROATIA In the village of \u010cirkoti, near Zavr\u0161je, sits the Istrian gem, Casa Rea, offering a captivating view of olive groves and the historic town of Motovun. Architect and designer Sandro U\u017eila shared how he embraced simplicity in his design and why it was so easy to integrate it into the natural [&hellip;]<\/p>\n","protected":false},"author":4,"featured_media":0,"parent":1144,"menu_order":1,"comment_status":"closed","ping_status":"closed","template":"elementor_theme","meta":{"footnotes":""},"class_list":["post-3895","page","type-page","status-publish","hentry"],"_links":{"self":[{"href":"https:\/\/kortadesign.com\/hr\/wp-json\/wp\/v2\/pages\/3895","targetHints":{"allow":["GET"]}}],"collection":[{"href":"https:\/\/kortadesign.com\/hr\/wp-json\/wp\/v2\/pages"}],"about":[{"href":"https:\/\/kortadesign.com\/hr\/wp-json\/wp\/v2\/types\/page"}],"author":[{"embeddable":true,"href":"https:\/\/kortadesign.com\/hr\/wp-json\/wp\/v2\/users\/4"}],"replies":[{"embeddable":true,"href":"https:\/\/kortadesign.com\/hr\/wp-json\/wp\/v2\/comments?post=3895"}],"version-history":[{"count":4,"href":"https:\/\/kortadesign.com\/hr\/wp-json\/wp\/v2\/pages\/3895\/revisions"}],"predecessor-version":[{"id":3906,"href":"https:\/\/kortadesign.com\/hr\/wp-json\/wp\/v2\/pages\/3895\/revisions\/3906"}],"up":[{"embeddable":true,"href":"https:\/\/kortadesign.com\/hr\/wp-json\/wp\/v2\/pages\/1144"}],"wp:attachment":[{"href":"https:\/\/kortadesign.com\/hr\/wp-json\/wp\/v2\/media?parent=3895"}],"curies":[{"name":"wp","href":"https:\/\/api.w.org\/{rel}","templated":true}]}}