{"id":2307,"date":"2025-02-12T12:21:01","date_gmt":"2025-02-12T12:21:01","guid":{"rendered":"https:\/\/korta.joinup.hr\/?page_id=2307"},"modified":"2025-02-12T12:28:54","modified_gmt":"2025-02-12T12:28:54","slug":"primosten-resort","status":"publish","type":"page","link":"https:\/\/kortadesign.com\/hr\/projects\/primosten-resort\/","title":{"rendered":"Primo\u0161ten Resort"},"content":{"rendered":"\t\t<div data-elementor-type=\"wp-page\" data-elementor-id=\"2307\" class=\"elementor elementor-2307\" data-elementor-post-type=\"page\">\n\t\t\t\t<div class=\"elementor-element elementor-element-37c31570 e-con-full e-flex e-con e-parent\" data-id=\"37c31570\" data-element_type=\"container\" data-settings=\"{&quot;background_background&quot;:&quot;slideshow&quot;,&quot;background_slideshow_gallery&quot;:[{&quot;id&quot;:2319,&quot;url&quot;:&quot;https:\\\/\\\/kortadesign.com\\\/wp-content\\\/uploads\\\/2025\\\/02\\\/469039524_18031364441585461_1336472154757585507_n.jpg&quot;},{&quot;id&quot;:2318,&quot;url&quot;:&quot;https:\\\/\\\/kortadesign.com\\\/wp-content\\\/uploads\\\/2025\\\/02\\\/468074638_18030291632585461_7676561123276878210_n-1.jpg&quot;},{&quot;id&quot;:2317,&quot;url&quot;:&quot;https:\\\/\\\/kortadesign.com\\\/wp-content\\\/uploads\\\/2025\\\/02\\\/468072881_18030211571585461_5643953070433222361_n.jpg&quot;}],&quot;background_slideshow_transition_duration&quot;:700,&quot;background_slideshow_ken_burns&quot;:&quot;yes&quot;,&quot;background_slideshow_loop&quot;:&quot;yes&quot;,&quot;background_slideshow_slide_duration&quot;:5000,&quot;background_slideshow_slide_transition&quot;:&quot;fade&quot;,&quot;background_slideshow_ken_burns_zoom_direction&quot;:&quot;in&quot;}\">\n\t\t<div class=\"elementor-element elementor-element-79b6bbf2 e-con-full e-flex e-con e-child\" data-id=\"79b6bbf2\" data-element_type=\"container\" data-settings=\"{&quot;background_background&quot;:&quot;classic&quot;}\">\n\t\t\t\t<div class=\"elementor-element elementor-element-12067333 elementor-widget elementor-widget-heading\" data-id=\"12067333\" data-element_type=\"widget\" data-widget_type=\"heading.default\">\n\t\t\t\t<div class=\"elementor-widget-container\">\n\t\t\t\t\t<h2 class=\"elementor-heading-title elementor-size-default\"><a href=\"https:\/\/primosten-resort.hr\/\" rel=\"nofollow noopener\" target=\"_blank\">PRIMO\u0160TEN RESORT<\/a><\/h2>\t\t\t\t<\/div>\n\t\t\t\t<\/div>\n\t\t\t\t<\/div>\n\t\t<div class=\"elementor-element elementor-element-b5adf14 e-con-full e-flex e-con e-child\" data-id=\"b5adf14\" data-element_type=\"container\" data-settings=\"{&quot;background_background&quot;:&quot;classic&quot;}\">\n\t\t\t\t<div class=\"elementor-element elementor-element-387e57e6 elementor-widget elementor-widget-text-editor\" data-id=\"387e57e6\" data-element_type=\"widget\" data-widget_type=\"text-editor.default\">\n\t\t\t\t<div class=\"elementor-widget-container\">\n\t\t\t\t\t\t\t\t\t<p>PRIMO\u0160TEN, Croatia<\/p>\t\t\t\t\t\t\t\t<\/div>\n\t\t\t\t<\/div>\n\t\t\t\t<\/div>\n\t\t\t\t<\/div>\n\t\t<div class=\"elementor-element elementor-element-3c0a741d e-flex e-con-boxed e-con e-parent\" data-id=\"3c0a741d\" data-element_type=\"container\" data-settings=\"{&quot;background_background&quot;:&quot;classic&quot;}\">\n\t\t\t\t\t<div class=\"e-con-inner\">\n\t\t<div class=\"elementor-element elementor-element-51b85b1f e-con-full e-flex e-con e-child\" data-id=\"51b85b1f\" data-element_type=\"container\">\n\t\t\t\t<div class=\"elementor-element elementor-element-402ca896 elementor-widget elementor-widget-text-editor\" data-id=\"402ca896\" data-element_type=\"widget\" data-widget_type=\"text-editor.default\">\n\t\t\t\t<div class=\"elementor-widget-container\">\n\t\t\t\t\t\t\t\t\t<p>Primo\u0161ten Resort is a jewel on Croatia\u2019s stunning Dalmatian coast, where modern luxury meets the rich cultural tapestry of the Mediterranean. Set against a backdrop of rugged limestone cliffs and the sparkling Adriatic Sea, the resort offers an array of elegantly designed accommodations that combine contemporary comfort with traditional Dalmatian charm.<\/p><p>Guests are welcomed into spacious, thoughtfully decorated rooms featuring modern amenities, private terraces, and panoramic views that capture both sunrise and sunset over the crystalline waters. The resort\u2019s culinary offerings are a celebration of local flavors, with an on-site restaurant serving expertly prepared Dalmatian specialties made from fresh, locally sourced ingredients, complemented by a stylish bar where guests can unwind with signature cocktails.<\/p><p>Beyond its exquisite dining and accommodations, Primo\u0161ten Resort boasts an inviting infinity pool, a state-of-the-art wellness center and spa offering rejuvenating treatments inspired by local traditions, and beautifully landscaped outdoor areas perfect for relaxation or intimate gatherings. Whether you are seeking a serene escape, a romantic getaway, or a venue for business events with its modern conference facilities, Primo\u0161ten Resort promises an unforgettable experience that reflects the timeless beauty and warm hospitality of Croatia.<\/p>\t\t\t\t\t\t\t\t<\/div>\n\t\t\t\t<\/div>\n\t\t\t\t<\/div>\n\t\t\t\t\t<\/div>\n\t\t\t\t<\/div>\n\t\t<div class=\"elementor-element elementor-element-2e5926ad e-flex e-con-boxed e-con e-parent\" data-id=\"2e5926ad\" data-element_type=\"container\">\n\t\t\t\t\t<div class=\"e-con-inner\">\n\t\t\t\t<div class=\"elementor-element elementor-element-301266a3 elementor-widget elementor-widget-gallery\" data-id=\"301266a3\" data-element_type=\"widget\" data-settings=\"{&quot;gallery_layout&quot;:&quot;masonry&quot;,&quot;columns&quot;:3,&quot;lazyload&quot;:&quot;yes&quot;,&quot;columns_tablet&quot;:2,&quot;columns_mobile&quot;:1,&quot;gap&quot;:{&quot;unit&quot;:&quot;px&quot;,&quot;size&quot;:10,&quot;sizes&quot;:[]},&quot;gap_tablet&quot;:{&quot;unit&quot;:&quot;px&quot;,&quot;size&quot;:10,&quot;sizes&quot;:[]},&quot;gap_mobile&quot;:{&quot;unit&quot;:&quot;px&quot;,&quot;size&quot;:10,&quot;sizes&quot;:[]},&quot;link_to&quot;:&quot;file&quot;,&quot;overlay_background&quot;:&quot;yes&quot;,&quot;content_hover_animation&quot;:&quot;fade-in&quot;}\" data-widget_type=\"gallery.default\">\n\t\t\t\t<div class=\"elementor-widget-container\">\n\t\t\t\t\t\t\t<div class=\"elementor-gallery__container\">\n\t\t\t\t\t\t\t<a class=\"e-gallery-item elementor-gallery-item elementor-animated-content\" href=\"https:\/\/kortadesign.com\/wp-content\/uploads\/2025\/02\/468028361_18030211592585461_5325018729163397591_n.jpg\" data-elementor-open-lightbox=\"yes\" data-elementor-lightbox-slideshow=\"301266a3\" data-elementor-lightbox-title=\"468028361_18030211592585461_5325018729163397591_n\" data-e-action-hash=\"#elementor-action%3Aaction%3Dlightbox%26settings%3DeyJpZCI6MjMxNiwidXJsIjoiaHR0cHM6XC9cL2tvcnRhZGVzaWduLmNvbVwvd3AtY29udGVudFwvdXBsb2Fkc1wvMjAyNVwvMDJcLzQ2ODAyODM2MV8xODAzMDIxMTU5MjU4NTQ2MV81MzI1MDE4NzI5MTYzMzk3NTkxX24uanBnIiwic2xpZGVzaG93IjoiMzAxMjY2YTMifQ%3D%3D\">\n\t\t\t\t\t<div class=\"e-gallery-image elementor-gallery-item__image\" data-thumbnail=\"https:\/\/kortadesign.com\/wp-content\/uploads\/2025\/02\/468028361_18030211592585461_5325018729163397591_n.jpg\" data-width=\"480\" data-height=\"600\" aria-label=\"\" role=\"img\" ><\/div>\n\t\t\t\t\t\t\t\t\t\t\t<div class=\"elementor-gallery-item__overlay\"><\/div>\n\t\t\t\t\t\t\t\t\t\t\t\t\t\t<\/a>\n\t\t\t\t\t\t\t<a class=\"e-gallery-item elementor-gallery-item elementor-animated-content\" href=\"https:\/\/kortadesign.com\/wp-content\/uploads\/2025\/02\/468074638_18030291632585461_7676561123276878210_n-1.jpg\" data-elementor-open-lightbox=\"yes\" data-elementor-lightbox-slideshow=\"301266a3\" data-elementor-lightbox-title=\"468074638_18030291632585461_7676561123276878210_n\" data-e-action-hash=\"#elementor-action%3Aaction%3Dlightbox%26settings%3DeyJpZCI6MjMxOCwidXJsIjoiaHR0cHM6XC9cL2tvcnRhZGVzaWduLmNvbVwvd3AtY29udGVudFwvdXBsb2Fkc1wvMjAyNVwvMDJcLzQ2ODA3NDYzOF8xODAzMDI5MTYzMjU4NTQ2MV83Njc2NTYxMTIzMjc2ODc4MjEwX24tMS5qcGciLCJzbGlkZXNob3ciOiIzMDEyNjZhMyJ9\">\n\t\t\t\t\t<div class=\"e-gallery-image elementor-gallery-item__image\" data-thumbnail=\"https:\/\/kortadesign.com\/wp-content\/uploads\/2025\/02\/468074638_18030291632585461_7676561123276878210_n-1-819x1024.jpg\" data-width=\"800\" data-height=\"1000\" aria-label=\"\" role=\"img\" ><\/div>\n\t\t\t\t\t\t\t\t\t\t\t<div class=\"elementor-gallery-item__overlay\"><\/div>\n\t\t\t\t\t\t\t\t\t\t\t\t\t\t<\/a>\n\t\t\t\t\t\t\t<a class=\"e-gallery-item elementor-gallery-item elementor-animated-content\" href=\"https:\/\/kortadesign.com\/wp-content\/uploads\/2025\/02\/463243253_18025497287585461_6277003887887320911_n.jpg\" data-elementor-open-lightbox=\"yes\" data-elementor-lightbox-slideshow=\"301266a3\" data-elementor-lightbox-title=\"463243253_18025497287585461_6277003887887320911_n\" data-e-action-hash=\"#elementor-action%3Aaction%3Dlightbox%26settings%3DeyJpZCI6MjMwOSwidXJsIjoiaHR0cHM6XC9cL2tvcnRhZGVzaWduLmNvbVwvd3AtY29udGVudFwvdXBsb2Fkc1wvMjAyNVwvMDJcLzQ2MzI0MzI1M18xODAyNTQ5NzI4NzU4NTQ2MV82Mjc3MDAzODg3ODg3MzIwOTExX24uanBnIiwic2xpZGVzaG93IjoiMzAxMjY2YTMifQ%3D%3D\">\n\t\t\t\t\t<div class=\"e-gallery-image elementor-gallery-item__image\" data-thumbnail=\"https:\/\/kortadesign.com\/wp-content\/uploads\/2025\/02\/463243253_18025497287585461_6277003887887320911_n-819x1024.jpg\" data-width=\"800\" data-height=\"1000\" aria-label=\"\" role=\"img\" ><\/div>\n\t\t\t\t\t\t\t\t\t\t\t<div class=\"elementor-gallery-item__overlay\"><\/div>\n\t\t\t\t\t\t\t\t\t\t\t\t\t\t<\/a>\n\t\t\t\t\t\t\t<a class=\"e-gallery-item elementor-gallery-item elementor-animated-content\" href=\"https:\/\/kortadesign.com\/wp-content\/uploads\/2025\/02\/465101044_18027630995585461_3684502124480913962_n.jpg\" data-elementor-open-lightbox=\"yes\" data-elementor-lightbox-slideshow=\"301266a3\" data-elementor-lightbox-title=\"465101044_18027630995585461_3684502124480913962_n\" data-e-action-hash=\"#elementor-action%3Aaction%3Dlightbox%26settings%3DeyJpZCI6MjMxMiwidXJsIjoiaHR0cHM6XC9cL2tvcnRhZGVzaWduLmNvbVwvd3AtY29udGVudFwvdXBsb2Fkc1wvMjAyNVwvMDJcLzQ2NTEwMTA0NF8xODAyNzYzMDk5NTU4NTQ2MV8zNjg0NTAyMTI0NDgwOTEzOTYyX24uanBnIiwic2xpZGVzaG93IjoiMzAxMjY2YTMifQ%3D%3D\">\n\t\t\t\t\t<div class=\"e-gallery-image elementor-gallery-item__image\" data-thumbnail=\"https:\/\/kortadesign.com\/wp-content\/uploads\/2025\/02\/465101044_18027630995585461_3684502124480913962_n-819x1024.jpg\" data-width=\"800\" data-height=\"1000\" aria-label=\"\" role=\"img\" ><\/div>\n\t\t\t\t\t\t\t\t\t\t\t<div class=\"elementor-gallery-item__overlay\"><\/div>\n\t\t\t\t\t\t\t\t\t\t\t\t\t\t<\/a>\n\t\t\t\t\t\t\t<a class=\"e-gallery-item elementor-gallery-item elementor-animated-content\" href=\"https:\/\/kortadesign.com\/wp-content\/uploads\/2025\/02\/464480302_18026816093585461_5266943688504186934_n.jpg\" data-elementor-open-lightbox=\"yes\" data-elementor-lightbox-slideshow=\"301266a3\" data-elementor-lightbox-title=\"464480302_18026816093585461_5266943688504186934_n\" data-e-action-hash=\"#elementor-action%3Aaction%3Dlightbox%26settings%3DeyJpZCI6MjMxMSwidXJsIjoiaHR0cHM6XC9cL2tvcnRhZGVzaWduLmNvbVwvd3AtY29udGVudFwvdXBsb2Fkc1wvMjAyNVwvMDJcLzQ2NDQ4MDMwMl8xODAyNjgxNjA5MzU4NTQ2MV81MjY2OTQzNjg4NTA0MTg2OTM0X24uanBnIiwic2xpZGVzaG93IjoiMzAxMjY2YTMifQ%3D%3D\">\n\t\t\t\t\t<div class=\"e-gallery-image elementor-gallery-item__image\" data-thumbnail=\"https:\/\/kortadesign.com\/wp-content\/uploads\/2025\/02\/464480302_18026816093585461_5266943688504186934_n-819x1024.jpg\" data-width=\"800\" data-height=\"1000\" aria-label=\"\" role=\"img\" ><\/div>\n\t\t\t\t\t\t\t\t\t\t\t<div class=\"elementor-gallery-item__overlay\"><\/div>\n\t\t\t\t\t\t\t\t\t\t\t\t\t\t<\/a>\n\t\t\t\t\t\t\t<a class=\"e-gallery-item elementor-gallery-item elementor-animated-content\" href=\"https:\/\/kortadesign.com\/wp-content\/uploads\/2025\/02\/468072881_18030211571585461_5643953070433222361_n.jpg\" data-elementor-open-lightbox=\"yes\" data-elementor-lightbox-slideshow=\"301266a3\" data-elementor-lightbox-title=\"468072881_18030211571585461_5643953070433222361_n\" data-e-action-hash=\"#elementor-action%3Aaction%3Dlightbox%26settings%3DeyJpZCI6MjMxNywidXJsIjoiaHR0cHM6XC9cL2tvcnRhZGVzaWduLmNvbVwvd3AtY29udGVudFwvdXBsb2Fkc1wvMjAyNVwvMDJcLzQ2ODA3Mjg4MV8xODAzMDIxMTU3MTU4NTQ2MV81NjQzOTUzMDcwNDMzMjIyMzYxX24uanBnIiwic2xpZGVzaG93IjoiMzAxMjY2YTMifQ%3D%3D\">\n\t\t\t\t\t<div class=\"e-gallery-image elementor-gallery-item__image\" data-thumbnail=\"https:\/\/kortadesign.com\/wp-content\/uploads\/2025\/02\/468072881_18030211571585461_5643953070433222361_n-819x1024.jpg\" data-width=\"800\" data-height=\"1000\" aria-label=\"\" role=\"img\" ><\/div>\n\t\t\t\t\t\t\t\t\t\t\t<div class=\"elementor-gallery-item__overlay\"><\/div>\n\t\t\t\t\t\t\t\t\t\t\t\t\t\t<\/a>\n\t\t\t\t\t\t\t<a class=\"e-gallery-item elementor-gallery-item elementor-animated-content\" href=\"https:\/\/kortadesign.com\/wp-content\/uploads\/2025\/02\/469039524_18031364441585461_1336472154757585507_n.jpg\" data-elementor-open-lightbox=\"yes\" data-elementor-lightbox-slideshow=\"301266a3\" data-elementor-lightbox-title=\"469039524_18031364441585461_1336472154757585507_n\" data-e-action-hash=\"#elementor-action%3Aaction%3Dlightbox%26settings%3DeyJpZCI6MjMxOSwidXJsIjoiaHR0cHM6XC9cL2tvcnRhZGVzaWduLmNvbVwvd3AtY29udGVudFwvdXBsb2Fkc1wvMjAyNVwvMDJcLzQ2OTAzOTUyNF8xODAzMTM2NDQ0MTU4NTQ2MV8xMzM2NDcyMTU0NzU3NTg1NTA3X24uanBnIiwic2xpZGVzaG93IjoiMzAxMjY2YTMifQ%3D%3D\">\n\t\t\t\t\t<div class=\"e-gallery-image elementor-gallery-item__image\" data-thumbnail=\"https:\/\/kortadesign.com\/wp-content\/uploads\/2025\/02\/469039524_18031364441585461_1336472154757585507_n-819x1024.jpg\" data-width=\"800\" data-height=\"1000\" aria-label=\"\" role=\"img\" ><\/div>\n\t\t\t\t\t\t\t\t\t\t\t<div class=\"elementor-gallery-item__overlay\"><\/div>\n\t\t\t\t\t\t\t\t\t\t\t\t\t\t<\/a>\n\t\t\t\t\t<\/div>\n\t\t\t\t\t<\/div>\n\t\t\t\t<\/div>\n\t\t\t\t\t<\/div>\n\t\t\t\t<\/div>\n\t\t\t\t<\/div>\n\t\t","protected":false},"excerpt":{"rendered":"<p>PRIMO\u0160TEN RESORT PRIMO\u0160TEN, Croatia Primo\u0161ten Resort is a jewel on Croatia\u2019s stunning Dalmatian coast, where modern luxury meets the rich cultural tapestry of the Mediterranean. Set against a backdrop of rugged limestone cliffs and the sparkling Adriatic Sea, the resort offers an array of elegantly designed accommodations that combine contemporary comfort with traditional Dalmatian charm. [&hellip;]<\/p>\n","protected":false},"author":1,"featured_media":0,"parent":1144,"menu_order":11,"comment_status":"closed","ping_status":"closed","template":"elementor_theme","meta":{"footnotes":""},"class_list":["post-2307","page","type-page","status-publish","hentry"],"_links":{"self":[{"href":"https:\/\/kortadesign.com\/hr\/wp-json\/wp\/v2\/pages\/2307","targetHints":{"allow":["GET"]}}],"collection":[{"href":"https:\/\/kortadesign.com\/hr\/wp-json\/wp\/v2\/pages"}],"about":[{"href":"https:\/\/kortadesign.com\/hr\/wp-json\/wp\/v2\/types\/page"}],"author":[{"embeddable":true,"href":"https:\/\/kortadesign.com\/hr\/wp-json\/wp\/v2\/users\/1"}],"replies":[{"embeddable":true,"href":"https:\/\/kortadesign.com\/hr\/wp-json\/wp\/v2\/comments?post=2307"}],"version-history":[{"count":7,"href":"https:\/\/kortadesign.com\/hr\/wp-json\/wp\/v2\/pages\/2307\/revisions"}],"predecessor-version":[{"id":2325,"href":"https:\/\/kortadesign.com\/hr\/wp-json\/wp\/v2\/pages\/2307\/revisions\/2325"}],"up":[{"embeddable":true,"href":"https:\/\/kortadesign.com\/hr\/wp-json\/wp\/v2\/pages\/1144"}],"wp:attachment":[{"href":"https:\/\/kortadesign.com\/hr\/wp-json\/wp\/v2\/media?parent=2307"}],"curies":[{"name":"wp","href":"https:\/\/api.w.org\/{rel}","templated":true}]}}