{"id":1276,"date":"2025-01-29T15:31:17","date_gmt":"2025-01-29T15:31:17","guid":{"rendered":"https:\/\/korta.joinup.hr\/?page_id=1276"},"modified":"2025-02-12T10:30:29","modified_gmt":"2025-02-12T10:30:29","slug":"diamond-villa","status":"publish","type":"page","link":"https:\/\/kortadesign.com\/hr\/projects\/diamond-villa\/","title":{"rendered":"Diamond Villa"},"content":{"rendered":"\t\t<div data-elementor-type=\"wp-page\" data-elementor-id=\"1276\" class=\"elementor elementor-1276\" data-elementor-post-type=\"page\">\n\t\t\t\t<div class=\"elementor-element elementor-element-4e0fea73 e-con-full e-flex e-con e-parent\" data-id=\"4e0fea73\" data-element_type=\"container\" data-settings=\"{&quot;background_background&quot;:&quot;slideshow&quot;,&quot;background_slideshow_gallery&quot;:[{&quot;id&quot;:1281,&quot;url&quot;:&quot;https:\\\/\\\/kortadesign.com\\\/wp-content\\\/uploads\\\/2025\\\/01\\\/diamond-villa-korcula-croatia_20-scaled-2.jpg&quot;},{&quot;id&quot;:1278,&quot;url&quot;:&quot;https:\\\/\\\/kortadesign.com\\\/wp-content\\\/uploads\\\/2025\\\/01\\\/2020-05-17-4.jpg&quot;},{&quot;id&quot;:1279,&quot;url&quot;:&quot;https:\\\/\\\/kortadesign.com\\\/wp-content\\\/uploads\\\/2025\\\/01\\\/2023-05-10.jpg&quot;},{&quot;id&quot;:1280,&quot;url&quot;:&quot;https:\\\/\\\/kortadesign.com\\\/wp-content\\\/uploads\\\/2025\\\/01\\\/421375002.jpg&quot;}],&quot;background_slideshow_transition_duration&quot;:700,&quot;background_slideshow_ken_burns&quot;:&quot;yes&quot;,&quot;background_slideshow_loop&quot;:&quot;yes&quot;,&quot;background_slideshow_slide_duration&quot;:5000,&quot;background_slideshow_slide_transition&quot;:&quot;fade&quot;,&quot;background_slideshow_ken_burns_zoom_direction&quot;:&quot;in&quot;}\">\n\t\t<div class=\"elementor-element elementor-element-296b7c0 e-con-full e-flex e-con e-child\" data-id=\"296b7c0\" data-element_type=\"container\" data-settings=\"{&quot;background_background&quot;:&quot;classic&quot;}\">\n\t\t\t\t<div class=\"elementor-element elementor-element-3196910d elementor-widget elementor-widget-heading\" data-id=\"3196910d\" data-element_type=\"widget\" data-widget_type=\"heading.default\">\n\t\t\t\t<div class=\"elementor-widget-container\">\n\t\t\t\t\t<h2 class=\"elementor-heading-title elementor-size-default\"><a href=\"https:\/\/www.diamondvillakorcula.com\/\" rel=\"nofollow noopener\" target=\"_blank\">DIAMOND VILLA<\/a><\/h2>\t\t\t\t<\/div>\n\t\t\t\t<\/div>\n\t\t\t\t<\/div>\n\t\t<div class=\"elementor-element elementor-element-61a0876d e-con-full e-flex e-con e-child\" data-id=\"61a0876d\" data-element_type=\"container\" data-settings=\"{&quot;background_background&quot;:&quot;classic&quot;}\">\n\t\t\t\t<div class=\"elementor-element elementor-element-44308348 elementor-widget elementor-widget-text-editor\" data-id=\"44308348\" data-element_type=\"widget\" data-widget_type=\"text-editor.default\">\n\t\t\t\t<div class=\"elementor-widget-container\">\n\t\t\t\t\t\t\t\t\t<p>\u017dRNOVO Kor\u010dula, Croatia<\/p>\t\t\t\t\t\t\t\t<\/div>\n\t\t\t\t<\/div>\n\t\t\t\t<\/div>\n\t\t\t\t<\/div>\n\t\t<div class=\"elementor-element elementor-element-3b0e2814 e-flex e-con-boxed e-con e-parent\" data-id=\"3b0e2814\" data-element_type=\"container\" data-settings=\"{&quot;background_background&quot;:&quot;classic&quot;}\">\n\t\t\t\t\t<div class=\"e-con-inner\">\n\t\t<div class=\"elementor-element elementor-element-34d77d8e e-con-full e-flex e-con e-child\" data-id=\"34d77d8e\" data-element_type=\"container\">\n\t\t\t\t<div class=\"elementor-element elementor-element-189ef0d0 elementor-widget elementor-widget-text-editor\" data-id=\"189ef0d0\" data-element_type=\"widget\" data-widget_type=\"text-editor.default\">\n\t\t\t\t<div class=\"elementor-widget-container\">\n\t\t\t\t\t\t\t\t\t<p>Diamond Villa in Kor\u010dula is an exclusive luxury retreat that promises an unforgettable escape on one of Croatia\u2019s most enchanting islands. Perched gracefully above the sparkling Adriatic Sea, this stunning villa offers panoramic views that capture the endless blue horizon and a constellation of charming islands, creating a backdrop that is both mesmerizing and serene.<\/p><p>Upon arrival, guests are welcomed by a sleek, contemporary design that harmoniously blends modern elegance with island sophistication. Every architectural detail has been thoughtfully curated to exude a sense of refined luxury, from the minimalist clean lines and expansive glass walls that invite natural light to the tasteful, high-end finishes that adorn every corner of the villa.<\/p><p>Inside, the spacious interiors are designed with both style and comfort in mind. The open-plan living area creates a seamless flow between the indoor and outdoor spaces, encouraging relaxation and effortless entertaining. High ceilings and large windows not only amplify the sense of space but also frame breathtaking views of the surrounding landscape and shimmering sea.\u00a0<\/p><p>Situated just a short distance from the historic charm of Kor\u010dula Town, the villa offers an ideal balance of privacy and accessibility.\u00a0 Here, history and modernity coexist, offering an enriching experience that complements the serene luxury of the villa.<\/p><p>In every detail, Diamond Villa in Kor\u010dula has been designed to provide an unparalleled luxury experience. It is more than just a place to stay\u2014it is a destination where modern comfort meets timeless elegance, where every moment is crafted to leave a lasting impression, and where the beauty of the Adriatic coast unfolds around you in all its splendor. Whether you\u2019re seeking a peaceful sanctuary to unwind or a stylish base for island exploration, Diamond Villa is the ultimate escape for the discerning traveler.<\/p>\t\t\t\t\t\t\t\t<\/div>\n\t\t\t\t<\/div>\n\t\t\t\t<\/div>\n\t\t\t\t\t<\/div>\n\t\t\t\t<\/div>\n\t\t<div class=\"elementor-element elementor-element-e174365 e-flex e-con-boxed e-con e-parent\" data-id=\"e174365\" data-element_type=\"container\">\n\t\t\t\t\t<div class=\"e-con-inner\">\n\t\t\t\t<div class=\"elementor-element elementor-element-c129f7d elementor-widget elementor-widget-gallery\" data-id=\"c129f7d\" data-element_type=\"widget\" data-settings=\"{&quot;gallery_layout&quot;:&quot;masonry&quot;,&quot;columns&quot;:3,&quot;lazyload&quot;:&quot;yes&quot;,&quot;columns_tablet&quot;:2,&quot;columns_mobile&quot;:1,&quot;gap&quot;:{&quot;unit&quot;:&quot;px&quot;,&quot;size&quot;:10,&quot;sizes&quot;:[]},&quot;gap_tablet&quot;:{&quot;unit&quot;:&quot;px&quot;,&quot;size&quot;:10,&quot;sizes&quot;:[]},&quot;gap_mobile&quot;:{&quot;unit&quot;:&quot;px&quot;,&quot;size&quot;:10,&quot;sizes&quot;:[]},&quot;link_to&quot;:&quot;file&quot;,&quot;overlay_background&quot;:&quot;yes&quot;,&quot;content_hover_animation&quot;:&quot;fade-in&quot;}\" data-widget_type=\"gallery.default\">\n\t\t\t\t<div class=\"elementor-widget-container\">\n\t\t\t\t\t\t\t<div class=\"elementor-gallery__container\">\n\t\t\t\t\t\t\t<a class=\"e-gallery-item elementor-gallery-item elementor-animated-content\" href=\"https:\/\/kortadesign.com\/wp-content\/uploads\/2025\/02\/PRODUCT-OUTDOOR-SHOWER-MARBELLA-MATERIAL-LIMESTONE-KANFANAR-SAMPLE-SANDBLASTED-BRUSHED-PROJECT-LOCATION-CROATIA-CLIENT-DIAMOND-VILLA-scaled.jpg\" data-elementor-open-lightbox=\"yes\" data-elementor-lightbox-slideshow=\"c129f7d\" data-elementor-lightbox-title=\"sdr_vivid\" data-e-action-hash=\"#elementor-action%3Aaction%3Dlightbox%26settings%3DeyJpZCI6MjI3MSwidXJsIjoiaHR0cHM6XC9cL2tvcnRhZGVzaWduLmNvbVwvd3AtY29udGVudFwvdXBsb2Fkc1wvMjAyNVwvMDJcL1BST0RVQ1QtT1VURE9PUi1TSE9XRVItTUFSQkVMTEEtTUFURVJJQUwtTElNRVNUT05FLUtBTkZBTkFSLVNBTVBMRS1TQU5EQkxBU1RFRC1CUlVTSEVELVBST0pFQ1QtTE9DQVRJT04tQ1JPQVRJQS1DTElFTlQtRElBTU9ORC1WSUxMQS1zY2FsZWQuanBnIiwic2xpZGVzaG93IjoiYzEyOWY3ZCJ9\">\n\t\t\t\t\t<div class=\"e-gallery-image elementor-gallery-item__image\" data-thumbnail=\"https:\/\/kortadesign.com\/wp-content\/uploads\/2025\/02\/PRODUCT-OUTDOOR-SHOWER-MARBELLA-MATERIAL-LIMESTONE-KANFANAR-SAMPLE-SANDBLASTED-BRUSHED-PROJECT-LOCATION-CROATIA-CLIENT-DIAMOND-VILLA-768x1024.jpg\" data-width=\"768\" data-height=\"1024\" aria-label=\"\" role=\"img\" ><\/div>\n\t\t\t\t\t\t\t\t\t\t\t<div class=\"elementor-gallery-item__overlay\"><\/div>\n\t\t\t\t\t\t\t\t\t\t\t\t\t\t<\/a>\n\t\t\t\t\t\t\t<a class=\"e-gallery-item elementor-gallery-item elementor-animated-content\" href=\"https:\/\/kortadesign.com\/wp-content\/uploads\/2025\/01\/diamond-villa-korcula-croatia_20-scaled-2.jpg\" data-elementor-open-lightbox=\"yes\" data-elementor-lightbox-slideshow=\"c129f7d\" data-elementor-lightbox-title=\"diamond-villa-korcula-croatia_20-scaled\" data-e-action-hash=\"#elementor-action%3Aaction%3Dlightbox%26settings%3DeyJpZCI6MTI4MSwidXJsIjoiaHR0cHM6XC9cL2tvcnRhZGVzaWduLmNvbVwvd3AtY29udGVudFwvdXBsb2Fkc1wvMjAyNVwvMDFcL2RpYW1vbmQtdmlsbGEta29yY3VsYS1jcm9hdGlhXzIwLXNjYWxlZC0yLmpwZyIsInNsaWRlc2hvdyI6ImMxMjlmN2QifQ%3D%3D\">\n\t\t\t\t\t<div class=\"e-gallery-image elementor-gallery-item__image\" data-thumbnail=\"https:\/\/kortadesign.com\/wp-content\/uploads\/2025\/01\/diamond-villa-korcula-croatia_20-scaled-2-1024x669.jpg\" data-width=\"800\" data-height=\"523\" aria-label=\"\" role=\"img\" ><\/div>\n\t\t\t\t\t\t\t\t\t\t\t<div class=\"elementor-gallery-item__overlay\"><\/div>\n\t\t\t\t\t\t\t\t\t\t\t\t\t\t<\/a>\n\t\t\t\t\t\t\t<a class=\"e-gallery-item elementor-gallery-item elementor-animated-content\" href=\"https:\/\/kortadesign.com\/wp-content\/uploads\/2025\/01\/diamond-villa-korcula-luxury-villas-675x855-1.jpg\" data-elementor-open-lightbox=\"yes\" data-elementor-lightbox-slideshow=\"c129f7d\" data-elementor-lightbox-title=\"diamond-villa-korcula-luxury-villas-675x855\" data-e-action-hash=\"#elementor-action%3Aaction%3Dlightbox%26settings%3DeyJpZCI6MTI4MiwidXJsIjoiaHR0cHM6XC9cL2tvcnRhZGVzaWduLmNvbVwvd3AtY29udGVudFwvdXBsb2Fkc1wvMjAyNVwvMDFcL2RpYW1vbmQtdmlsbGEta29yY3VsYS1sdXh1cnktdmlsbGFzLTY3NXg4NTUtMS5qcGciLCJzbGlkZXNob3ciOiJjMTI5ZjdkIn0%3D\">\n\t\t\t\t\t<div class=\"e-gallery-image elementor-gallery-item__image\" data-thumbnail=\"https:\/\/kortadesign.com\/wp-content\/uploads\/2025\/01\/diamond-villa-korcula-luxury-villas-675x855-1.jpg\" data-width=\"675\" data-height=\"855\" aria-label=\"\" role=\"img\" ><\/div>\n\t\t\t\t\t\t\t\t\t\t\t<div class=\"elementor-gallery-item__overlay\"><\/div>\n\t\t\t\t\t\t\t\t\t\t\t\t\t\t<\/a>\n\t\t\t\t\t\t\t<a class=\"e-gallery-item elementor-gallery-item elementor-animated-content\" href=\"https:\/\/kortadesign.com\/wp-content\/uploads\/2025\/01\/421375002.jpg\" data-elementor-open-lightbox=\"yes\" data-elementor-lightbox-slideshow=\"c129f7d\" data-elementor-lightbox-title=\"421375002\" data-e-action-hash=\"#elementor-action%3Aaction%3Dlightbox%26settings%3DeyJpZCI6MTI4MCwidXJsIjoiaHR0cHM6XC9cL2tvcnRhZGVzaWduLmNvbVwvd3AtY29udGVudFwvdXBsb2Fkc1wvMjAyNVwvMDFcLzQyMTM3NTAwMi5qcGciLCJzbGlkZXNob3ciOiJjMTI5ZjdkIn0%3D\">\n\t\t\t\t\t<div class=\"e-gallery-image elementor-gallery-item__image\" data-thumbnail=\"https:\/\/kortadesign.com\/wp-content\/uploads\/2025\/01\/421375002-1024x683.jpg\" data-width=\"800\" data-height=\"534\" aria-label=\"\" role=\"img\" ><\/div>\n\t\t\t\t\t\t\t\t\t\t\t<div class=\"elementor-gallery-item__overlay\"><\/div>\n\t\t\t\t\t\t\t\t\t\t\t\t\t\t<\/a>\n\t\t\t\t\t\t\t<a class=\"e-gallery-item elementor-gallery-item elementor-animated-content\" href=\"https:\/\/kortadesign.com\/wp-content\/uploads\/2025\/02\/PRODUCT-OUTDOOR-SHOWER-MARBELLA-MATERIAL-LIMESTONE-KANFANAR-SAMPLE-SANDBLASTED-BRUSHED-PROJECT-LOCATION-CROATIA-CLIENT-DIAMOND-VILLA--scaled.jpg\" data-elementor-open-lightbox=\"yes\" data-elementor-lightbox-slideshow=\"c129f7d\" data-elementor-lightbox-title=\"dav_vivid\" data-e-action-hash=\"#elementor-action%3Aaction%3Dlightbox%26settings%3DeyJpZCI6MjI3MCwidXJsIjoiaHR0cHM6XC9cL2tvcnRhZGVzaWduLmNvbVwvd3AtY29udGVudFwvdXBsb2Fkc1wvMjAyNVwvMDJcL1BST0RVQ1QtT1VURE9PUi1TSE9XRVItTUFSQkVMTEEtTUFURVJJQUwtTElNRVNUT05FLUtBTkZBTkFSLVNBTVBMRS1TQU5EQkxBU1RFRC1CUlVTSEVELVBST0pFQ1QtTE9DQVRJT04tQ1JPQVRJQS1DTElFTlQtRElBTU9ORC1WSUxMQS0tc2NhbGVkLmpwZyIsInNsaWRlc2hvdyI6ImMxMjlmN2QifQ%3D%3D\">\n\t\t\t\t\t<div class=\"e-gallery-image elementor-gallery-item__image\" data-thumbnail=\"https:\/\/kortadesign.com\/wp-content\/uploads\/2025\/02\/PRODUCT-OUTDOOR-SHOWER-MARBELLA-MATERIAL-LIMESTONE-KANFANAR-SAMPLE-SANDBLASTED-BRUSHED-PROJECT-LOCATION-CROATIA-CLIENT-DIAMOND-VILLA--1024x768.jpg\" data-width=\"800\" data-height=\"600\" aria-label=\"\" role=\"img\" ><\/div>\n\t\t\t\t\t\t\t\t\t\t\t<div class=\"elementor-gallery-item__overlay\"><\/div>\n\t\t\t\t\t\t\t\t\t\t\t\t\t\t<\/a>\n\t\t\t\t\t\t\t<a class=\"e-gallery-item elementor-gallery-item elementor-animated-content\" href=\"https:\/\/kortadesign.com\/wp-content\/uploads\/2025\/01\/2023-05-10.jpg\" data-elementor-open-lightbox=\"yes\" data-elementor-lightbox-slideshow=\"c129f7d\" data-elementor-lightbox-title=\"2023-05-10\" data-e-action-hash=\"#elementor-action%3Aaction%3Dlightbox%26settings%3DeyJpZCI6MTI3OSwidXJsIjoiaHR0cHM6XC9cL2tvcnRhZGVzaWduLmNvbVwvd3AtY29udGVudFwvdXBsb2Fkc1wvMjAyNVwvMDFcLzIwMjMtMDUtMTAuanBnIiwic2xpZGVzaG93IjoiYzEyOWY3ZCJ9\">\n\t\t\t\t\t<div class=\"e-gallery-image elementor-gallery-item__image\" data-thumbnail=\"https:\/\/kortadesign.com\/wp-content\/uploads\/2025\/01\/2023-05-10-1024x682.jpg\" data-width=\"800\" data-height=\"533\" aria-label=\"\" role=\"img\" ><\/div>\n\t\t\t\t\t\t\t\t\t\t\t<div class=\"elementor-gallery-item__overlay\"><\/div>\n\t\t\t\t\t\t\t\t\t\t\t\t\t\t<\/a>\n\t\t\t\t\t\t\t<a class=\"e-gallery-item elementor-gallery-item elementor-animated-content\" href=\"https:\/\/kortadesign.com\/wp-content\/uploads\/2025\/01\/2020-05-17-4.jpg\" data-elementor-open-lightbox=\"yes\" data-elementor-lightbox-slideshow=\"c129f7d\" data-elementor-lightbox-title=\"2020-05-17 (4)\" data-e-action-hash=\"#elementor-action%3Aaction%3Dlightbox%26settings%3DeyJpZCI6MTI3OCwidXJsIjoiaHR0cHM6XC9cL2tvcnRhZGVzaWduLmNvbVwvd3AtY29udGVudFwvdXBsb2Fkc1wvMjAyNVwvMDFcLzIwMjAtMDUtMTctNC5qcGciLCJzbGlkZXNob3ciOiJjMTI5ZjdkIn0%3D\">\n\t\t\t\t\t<div class=\"e-gallery-image elementor-gallery-item__image\" data-thumbnail=\"https:\/\/kortadesign.com\/wp-content\/uploads\/2025\/01\/2020-05-17-4-1024x1000.jpg\" data-width=\"800\" data-height=\"781\" aria-label=\"\" role=\"img\" ><\/div>\n\t\t\t\t\t\t\t\t\t\t\t<div class=\"elementor-gallery-item__overlay\"><\/div>\n\t\t\t\t\t\t\t\t\t\t\t\t\t\t<\/a>\n\t\t\t\t\t<\/div>\n\t\t\t\t\t<\/div>\n\t\t\t\t<\/div>\n\t\t\t\t\t<\/div>\n\t\t\t\t<\/div>\n\t\t\t\t<\/div>\n\t\t","protected":false},"excerpt":{"rendered":"<p>DIAMOND VILLA \u017dRNOVO Kor\u010dula, Croatia Diamond Villa in Kor\u010dula is an exclusive luxury retreat that promises an unforgettable escape on one of Croatia\u2019s most enchanting islands. Perched gracefully above the sparkling Adriatic Sea, this stunning villa offers panoramic views that capture the endless blue horizon and a constellation of charming islands, creating a backdrop that [&hellip;]<\/p>\n","protected":false},"author":1,"featured_media":0,"parent":1144,"menu_order":4,"comment_status":"closed","ping_status":"closed","template":"elementor_theme","meta":{"footnotes":""},"class_list":["post-1276","page","type-page","status-publish","hentry"],"_links":{"self":[{"href":"https:\/\/kortadesign.com\/hr\/wp-json\/wp\/v2\/pages\/1276","targetHints":{"allow":["GET"]}}],"collection":[{"href":"https:\/\/kortadesign.com\/hr\/wp-json\/wp\/v2\/pages"}],"about":[{"href":"https:\/\/kortadesign.com\/hr\/wp-json\/wp\/v2\/types\/page"}],"author":[{"embeddable":true,"href":"https:\/\/kortadesign.com\/hr\/wp-json\/wp\/v2\/users\/1"}],"replies":[{"embeddable":true,"href":"https:\/\/kortadesign.com\/hr\/wp-json\/wp\/v2\/comments?post=1276"}],"version-history":[{"count":7,"href":"https:\/\/kortadesign.com\/hr\/wp-json\/wp\/v2\/pages\/1276\/revisions"}],"predecessor-version":[{"id":2275,"href":"https:\/\/kortadesign.com\/hr\/wp-json\/wp\/v2\/pages\/1276\/revisions\/2275"}],"up":[{"embeddable":true,"href":"https:\/\/kortadesign.com\/hr\/wp-json\/wp\/v2\/pages\/1144"}],"wp:attachment":[{"href":"https:\/\/kortadesign.com\/hr\/wp-json\/wp\/v2\/media?parent=1276"}],"curies":[{"name":"wp","href":"https:\/\/api.w.org\/{rel}","templated":true}]}}